{"id":230,"date":"2016-04-23T10:17:57","date_gmt":"2016-04-23T10:17:57","guid":{"rendered":"http:\/\/realtyspace.codefactory47.com\/?page_id=230"},"modified":"2025-06-26T19:55:10","modified_gmt":"2025-06-26T19:55:10","slug":"contact","status":"publish","type":"page","link":"https:\/\/brixwellinvestors.com\/es\/contact\/","title":{"rendered":"Contacto"},"content":{"rendered":"<div class=\"widget widget--landing js-widget\">\n<div class=\"widget__content\">\n<div class=\"contacts\">\n<div class=\"contacts__column\">\n<div class=\"contacts__address\">\n<address class=\"contacts__address-item\"><span class=\"contacts__address-title\">New Jersey<\/span><\/p>\n<dl class=\"contacts__address-column\">\n<dt class=\"contacts__address-column__title\">Direcci\u00f3n<\/dt>\n<dd>466 Hackensack Ave #1222<br \/>\nHackensack, NJ 07601<br \/>\nUSA<\/dd>\n<\/dl>\n<dl class=\"contacts__address-column\">\n<dt class=\"contacts__address-column__title\">Tel\u00e9fono<\/dt>\n<dd>+1 (551) 225-0670<\/dd>\n<\/dl>\n<dl class=\"contacts__address-column\">\n<dt class=\"contacts__address-column__title\">Correo electr\u00f3nico<\/dt>\n<dd><\/dd>\n<\/dl>\n<\/address>\n<\/div>\n<div class=\"contacts__form form\">\n<div id=\"wpcf7-f88-p230-o1\" class=\"wpcf7 js\" dir=\"ltr\" lang=\"en-US\" data-wpcf7-id=\"88\">\n<div class=\"screen-reader-response\">\n<p role=\"status\" aria-live=\"polite\" aria-atomic=\"true\">\n<\/div>\n<div class=\"wpforms-container wpforms-container-full wpforms-render-modern\" id=\"wpforms-1270\"><form id=\"wpforms-form-1270\" class=\"wpforms-validate wpforms-form wpforms-ajax-form\" data-formid=\"1270\" method=\"post\" enctype=\"multipart\/form-data\" action=\"\/es\/wp-json\/wp\/v2\/pages\/230\" data-token=\"0a0f4bd25c3feb09558333e743b0b2a5\" data-token-time=\"1776481722\" data-trp-original-action=\"\/es\/wp-json\/wp\/v2\/pages\/230\"><noscript class=\"wpforms-error-noscript\">Por favor, activa JavaScript en tu navegador para completar este formulario.<\/noscript><div class=\"wpforms-hidden\" id=\"wpforms-error-noscript\">Por favor, activa JavaScript en tu navegador para completar este formulario.<\/div><div class=\"wpforms-field-container\">\t\t<div id=\"wpforms-1270-field_5-container\"\n\t\t\tclass=\"wpforms-field wpforms-field-text\"\n\t\t\tdata-field-type=\"text\"\n\t\t\tdata-field-id=\"5\"\n\t\t\t>\n\t\t\t<label class=\"wpforms-field-label\" for=\"wpforms-1270-field_5\" >Your Email Name<\/label>\n\t\t\t<input type=\"text\" id=\"wpforms-1270-field_5\" class=\"wpforms-field-medium\" name=\"wpforms[fields][5]\" >\n\t\t<\/div>\n\t\t<div id=\"wpforms-1270-field_1-container\" class=\"wpforms-field wpforms-field-name\" data-field-id=\"1\"><fieldset><legend class=\"wpforms-field-label\">Nombre <span class=\"wpforms-required-label\" aria-hidden=\"true\">*<\/span><\/legend><div class=\"wpforms-field-row wpforms-field-medium\"><div class=\"wpforms-field-row-block wpforms-first wpforms-one-half\"><input type=\"text\" id=\"wpforms-1270-field_1\" class=\"wpforms-field-name-first wpforms-field-required\" name=\"wpforms[fields][1][first]\" aria-errormessage=\"wpforms-1270-field_1-error\" required><label for=\"wpforms-1270-field_1\" class=\"wpforms-field-sublabel after\">Nombre<\/label><\/div><div class=\"wpforms-field-row-block wpforms-one-half\"><input type=\"text\" id=\"wpforms-1270-field_1-last\" class=\"wpforms-field-name-last wpforms-field-required\" name=\"wpforms[fields][1][last]\" aria-errormessage=\"wpforms-1270-field_1-last-error\" required><label for=\"wpforms-1270-field_1-last\" class=\"wpforms-field-sublabel after\">Apellidos<\/label><\/div><\/div><\/fieldset><\/div><div id=\"wpforms-1270-field_2-container\" class=\"wpforms-field wpforms-field-text\" data-field-id=\"2\"><label class=\"wpforms-field-label\" for=\"wpforms-1270-field_2\">Tel\u00e9fono <span class=\"wpforms-required-label\" aria-hidden=\"true\">*<\/span><\/label><input type=\"text\" id=\"wpforms-1270-field_2\" class=\"wpforms-field-medium wpforms-field-required\" name=\"wpforms[fields][2]\" aria-errormessage=\"wpforms-1270-field_2-error\" required><\/div><div id=\"wpforms-1270-field_3-container\" class=\"wpforms-field wpforms-field-email\" data-field-id=\"3\"><label class=\"wpforms-field-label\" for=\"wpforms-1270-field_3\">Correo electr\u00f3nico <span class=\"wpforms-required-label\" aria-hidden=\"true\">*<\/span><\/label><input type=\"email\" id=\"wpforms-1270-field_3\" class=\"wpforms-field-medium wpforms-field-required\" name=\"wpforms[fields][3]\" spellcheck=\"false\" aria-errormessage=\"wpforms-1270-field_3-error\" required><\/div><div id=\"wpforms-1270-field_4-container\" class=\"wpforms-field wpforms-field-textarea\" data-field-id=\"4\"><label class=\"wpforms-field-label\" for=\"wpforms-1270-field_4\">Mensaje <span class=\"wpforms-required-label\" aria-hidden=\"true\">*<\/span><\/label><textarea id=\"wpforms-1270-field_4\" class=\"wpforms-field-medium wpforms-field-required\" name=\"wpforms[fields][4]\" aria-errormessage=\"wpforms-1270-field_4-error\" required><\/textarea><\/div><script>\n\t\t\t\t( function() {\n\t\t\t\t\tconst style = document.createElement( 'style' );\n\t\t\t\t\tstyle.appendChild( document.createTextNode( '#wpforms-1270-field_5-container { position: absolute !important; overflow: hidden !important; display: inline !important; height: 1px !important; width: 1px !important; z-index: -1000 !important; padding: 0 !important; } #wpforms-1270-field_5-container input { visibility: hidden; } #wpforms-conversational-form-page #wpforms-1270-field_5-container label { counter-increment: none; }' ) );\n\t\t\t\t\tdocument.head.appendChild( style );\n\t\t\t\t\tdocument.currentScript?.remove();\n\t\t\t\t} )();\n\t\t\t<\/script><\/div><!-- .wpforms-field-container --><div class=\"wpforms-submit-container\" ><input type=\"hidden\" name=\"wpforms[id]\" value=\"1270\"><input type=\"hidden\" name=\"page_title\" value=\"\"><input type=\"hidden\" name=\"page_url\" value=\"https:\/\/brixwellinvestors.com\/es\/wp-json\/wp\/v2\/pages\/230\"><input type=\"hidden\" name=\"url_referer\" value=\"\"><button type=\"submit\" name=\"wpforms[submit]\" id=\"wpforms-submit-1270\" class=\"wpforms-submit\" data-alt-text=\"Sending...\" data-submit-text=\"Submit\" aria-live=\"assertive\" value=\"wpforms-submit\">Enviar<\/button><img loading=\"lazy\" decoding=\"async\" src=\"https:\/\/brixwellinvestors.com\/wp-content\/plugins\/wpforms-lite\/assets\/images\/submit-spin.svg\" class=\"wpforms-submit-spinner\" style=\"display: none;\" width=\"26\" height=\"26\" alt=\"Cargando\"><\/div><input type=\"hidden\" name=\"trp-form-language\" value=\"es\"\/><\/form><\/div>  <!-- .wpforms-container --><br \/>\n<!-- \n\n\n<form class=\"wpcf7-form init\" action=\"\/contact\/#wpcf7-f88-p230-o1\" method=\"post\" novalidate=\"novalidate\" aria-label=\"Contact form\" data-status=\"init\">\n\n\n<div style=\"display: none;\"><input name=\"_wpcf7\" type=\"hidden\" value=\"88\" \/>\n<input name=\"_wpcf7_version\" type=\"hidden\" value=\"6.0.6\" \/>\n<input name=\"_wpcf7_locale\" type=\"hidden\" value=\"en_US\" \/>\n<input name=\"_wpcf7_unit_tag\" type=\"hidden\" value=\"wpcf7-f88-p230-o1\" \/>\n<input name=\"_wpcf7_container_post\" type=\"hidden\" value=\"230\" \/>\n<input name=\"_wpcf7_posted_data_hash\" type=\"hidden\" value=\"\" \/>\n<input name=\"_wpcf7_recaptcha_response\" type=\"hidden\" value=\"\" \/><\/div>\n\n\n\n\n<div class=\"row\">\n\n\n<div class=\"form-group\">\n\n\n<h3 class=\"titleForm\"><\/h3>\n\n\n<\/div>\n\n\n\n\n<div class=\"form-group\">\n\n<label class=\"control-label\">Your Name<\/label>\n<span class=\"wpcf7-form-control-wrap\" data-name=\"text-906\"><input class=\"wpcf7-form-control wpcf7-text wpcf7-validates-as-required form-control\" maxlength=\"400\" name=\"text-906\" size=\"40\" type=\"text\" value=\"\" aria-required=\"true\" aria-invalid=\"false\" \/><\/span>\n\n<\/div>\n\n\n\n\n<div class=\"form-group\">\n\n<label class=\"control-label\">Telephone<\/label>\n<span class=\"wpcf7-form-control-wrap\" data-name=\"tel-925\"><input class=\"wpcf7-form-control wpcf7-tel wpcf7-text wpcf7-validates-as-tel form-control\" maxlength=\"400\" name=\"tel-925\" size=\"40\" type=\"tel\" value=\"\" aria-invalid=\"false\" \/><\/span>\n\n<\/div>\n\n\n\n\n<div class=\"form-group\">\n\n<label class=\"control-label\">E-mail<\/label>\n<span class=\"wpcf7-form-control-wrap\" data-name=\"email-793\"><input class=\"wpcf7-form-control wpcf7-email wpcf7-text wpcf7-validates-as-email form-control\" maxlength=\"400\" name=\"email-793\" size=\"40\" type=\"email\" value=\"\" aria-invalid=\"false\" \/><\/span>\n\n<\/div>\n\n\n\n\n<div class=\"form-group\">\n\n<label class=\"control-label\">Message<\/label>\n<span class=\"wpcf7-form-control-wrap\" data-name=\"textarea-58\"><textarea class=\"wpcf7-form-control wpcf7-textarea form-control\" cols=\"40\" maxlength=\"2000\" name=\"textarea-58\" rows=\"10\" aria-invalid=\"false\"><\/textarea><\/span>\n\n<\/div>\n\n\n<\/div>\n\n\n\n\n<div class=\"row form__buttons\">\n\n<input class=\"wpcf7-form-control wpcf7-submit has-spinner form__submit\" type=\"submit\" value=\"Send\" \/>\n\n<\/div>\n\n\n\n\n<div class=\"wpcf7-response-output\" aria-hidden=\"true\"><\/div>\n\n\n<\/form>\n\n\n\n--><\/p>\n<\/div>\n<\/div>\n<\/div>\n<div class=\"contacts__column\">\n<div class=\"contacts__body\">\n<h4>Cont\u00e1ctanos<\/h4>\n<p>\u00bfEres due\u00f1o de una casa usada? \u00bfTu casa est\u00e1 en mal estado? \u00bfNo encuentras compradores? Si es as\u00ed, cont\u00e1ctanos de inmediato. Compramos casas sin importar en qu\u00e9 condici\u00f3n se encuentren. Si necesitas vender tu viejo hogar r\u00e1pidamente, utiliza el siguiente formulario para compartir tu consulta o cont\u00e1ctanos por tel\u00e9fono o correo electr\u00f3nico. Estaremos encantados de ayudarte.<\/p>\n<p><iframe loading=\"lazy\" src=\"https:\/\/www.google.com\/maps\/embed?pb=!1m18!1m12!1m3!1d3015.2617048856873!2d-74.03314338822967!3d40.91000737124507!2m3!1f0!2f0!3f0!3m2!1i1024!2i768!4f13.1!3m3!1m2!1s0x89c2fa78001923a5%3A0xad639de787b8f755!2s466%20Hackensack%20Ave%20%231222%2C%20Hackensack%2C%20NJ%2007601%2C%20USA!5e0!3m2!1sen!2sco!4v1750967411833!5m2!1sen!2sco\" width=\"600\" height=\"450\" style=\"border:0;\"  allowfullscreen=\"allowfullscreen\"><\/iframe><\/p>\n<\/div>\n<\/div>\n<\/div>\n<\/div>\n<\/div>","protected":false},"excerpt":{"rendered":"<p>New Jersey Address: 466 Hackensack Ave #1222 Hackensack, NJ 07601 USA Telephone: +1 (551) 225-0670 Email: Contact Us Do you own an old house? Is your house in a dilapidating condition? Do you not find any takers? If yes, contact us right away. We buy houses no matter in what condition they are. If you [&hellip;]<\/p>","protected":false},"author":1,"featured_media":0,"parent":0,"menu_order":0,"comment_status":"closed","ping_status":"closed","template":"","meta":{"footnotes":""},"class_list":["post-230","page","type-page","status-publish","hentry"],"_links":{"self":[{"href":"https:\/\/brixwellinvestors.com\/es\/wp-json\/wp\/v2\/pages\/230","targetHints":{"allow":["GET"]}}],"collection":[{"href":"https:\/\/brixwellinvestors.com\/es\/wp-json\/wp\/v2\/pages"}],"about":[{"href":"https:\/\/brixwellinvestors.com\/es\/wp-json\/wp\/v2\/types\/page"}],"author":[{"embeddable":true,"href":"https:\/\/brixwellinvestors.com\/es\/wp-json\/wp\/v2\/users\/1"}],"replies":[{"embeddable":true,"href":"https:\/\/brixwellinvestors.com\/es\/wp-json\/wp\/v2\/comments?post=230"}],"version-history":[{"count":17,"href":"https:\/\/brixwellinvestors.com\/es\/wp-json\/wp\/v2\/pages\/230\/revisions"}],"predecessor-version":[{"id":1284,"href":"https:\/\/brixwellinvestors.com\/es\/wp-json\/wp\/v2\/pages\/230\/revisions\/1284"}],"wp:attachment":[{"href":"https:\/\/brixwellinvestors.com\/es\/wp-json\/wp\/v2\/media?parent=230"}],"curies":[{"name":"wp","href":"https:\/\/api.w.org\/{rel}","templated":true}]}}