{"id":573,"date":"2016-07-01T09:48:47","date_gmt":"2016-07-01T09:48:47","guid":{"rendered":"http:\/\/realtyspace.codefactory47.com\/?page_id=524"},"modified":"2025-06-26T15:40:09","modified_gmt":"2025-06-26T15:40:09","slug":"home","status":"publish","type":"page","link":"https:\/\/brixwellinvestors.com\/es\/","title":{"rendered":"INICIO"},"content":{"rendered":"<div id=\"top\" data-vc-full-width=\"true\" data-vc-full-width-init=\"false\" data-vc-stretch-content=\"true\" class=\"vc_row wpb_row vc_row-fluid banner--overlay vc_custom_1733160419461 vc_row-has-fill vc_row-no-padding\"><div class=\"wpb_column vc_column_container vc_col-sm-12\"><div class=\"vc_column-inner vc_custom_1466700872272\"><div class=\"wpb_wrapper\"><div class=\"widget    js-widget\"\n     id=\"cf47_module_hero_0\"        >\n    <div class=\"widget__content\">\n      <div class=\"banner banner--wide\">\n    <div class=\"banner__item\" >\n      <div class=\"map map--index map--banner\">\n        <div class=\"map__buttons\">\n          <button type=\"button\" class=\"map__change-map js-map-btn\">Property Map<\/button>\n        <\/div>\n        <div class=\"map__wrap\">\n          <div data-infobox-theme=\"white\" class=\"map__view js-map-index-canvas\"><\/div>\n        <\/div>\n      <\/div>\n      <div class=\"container\">\n        <div class=\"row\">\n          <div class=\"banner__caption\">\n            <h1 class=\"banner__title\">Compramos casas, en Efectivo, y R\u00e1pido<\/h1>\n            <h3 class=\"banner__subtitle\">\u00bfEst\u00e1 listo para vender su casa por dinero en efectivo? Obtenga una oferta r\u00e1pida y justa y cierre el trato en sus t\u00e9rminos. \u00a1Cont\u00e1ctenos hoy!<\/h3>\n            <span class=\"banner__btn\">EMPIEZA YA<\/span>\n            <div class=\"banner__arrow-circle\">\u2022<\/div>\n            <svg class=\"banner__arrow-end js-arrow-end\">\n              <use xlink:href=\"#icon-arrow-end\"><\/use>\n            <\/svg>\n            <div class=\"banner__arrow\">\n              <svg class=\"js-banner-line\" version=\"1.1\" xmlns=\"http:\/\/www.w3.org\/2000\/svg\" xmlns:xlink=\"http:\/\/www.w3.org\/1999\/xlink\" x=\"0px\" y=\"0px\"\n                   viewbox=\"0 0 774 284\" enable-background=\"new 0 0 774 284\" xml:space=\"preserve\">\n                          <path fill=\"none\" stroke-width=\"2\" stroke-miterlimit=\"10\" stroke-dasharray=\"0,2004.009\" d=\"M220.6,239.6                          c-3.6-15.5-17.5-27.1-34.1-27.1h-150c-19.3,0-35,15.7-35,35c0,19.3,15.7,35,35,35c0,0,88,0,150,0c169,0,244.9-7.5,291-19                          c41.3-10.2,114.1-33.7,118-83c4.2-53.5-59.4-67.5-102-54c-47.2,15-52.3,78.2,1,90c58.1,12.9,169.6-53.6,274.7-210\"\/>\n                        <\/svg>\n            <\/div>\n                          <div class=\"banner__scroll-down\">\n                <svg class=\"banner__scroll-svg\">\n                  <use xlink:href=\"#icon-scroll-down\"><\/use>\n                <\/svg>\n                <div class=\"banner__scroll-text\">Explorar con la rueda del mouse<\/div>\n              <\/div>\n                      <\/div>\n          <div class=\"banner__search\">\n            <h4 class=\"banner__sidebar-title\">Compramos casas, en Efectivo, y R\u00e1pido<\/h4>\n                          <div class=\"form  js-search-form form--light form--banner-sidebar\">\n                <div class=\"wpforms-container wpforms-container-full wpforms-render-modern\" id=\"wpforms-1114\"><form id=\"wpforms-form-1114\" class=\"wpforms-validate wpforms-form wpforms-ajax-form\" data-formid=\"1114\" method=\"post\" enctype=\"multipart\/form-data\" action=\"\/es\/wp-json\/wp\/v2\/pages\/573\" data-token=\"ce8fa368cf6a734895f9f928165eac48\" data-token-time=\"1776476881\" data-trp-original-action=\"\/es\/wp-json\/wp\/v2\/pages\/573\"><noscript class=\"wpforms-error-noscript\">Por favor, activa JavaScript en tu navegador para completar este formulario.<\/noscript><div class=\"wpforms-hidden\" id=\"wpforms-error-noscript\">Por favor, activa JavaScript en tu navegador para completar este formulario.<\/div><div class=\"wpforms-field-container\"><div id=\"wpforms-1114-field_1-container\" class=\"wpforms-field wpforms-field-text\" data-field-id=\"1\"><label class=\"wpforms-field-label\" for=\"wpforms-1114-field_1\">Direcci\u00f3n de la propiedad <span class=\"wpforms-required-label\" aria-hidden=\"true\">*<\/span><\/label><input type=\"text\" id=\"wpforms-1114-field_1\" class=\"wpforms-field-medium wpforms-field-required\" name=\"wpforms[fields][1]\" aria-errormessage=\"wpforms-1114-field_1-error\" required><\/div><div id=\"wpforms-1114-field_16-container\" class=\"wpforms-field wpforms-field-checkbox wpforms-list-2-columns\" data-field-id=\"16\"><fieldset><legend class=\"wpforms-field-label\">Opciones<\/legend><ul id=\"wpforms-1114-field_16\" data-choice-limit=\"1\"><li class=\"choice-1 depth-1\"><input type=\"checkbox\" id=\"wpforms-1114-field_16_1\" data-rule-check-limit=\"true\" name=\"wpforms[fields][16][]\" value=\"Multi-Family Home\" aria-errormessage=\"wpforms-1114-field_16_1-error\"  ><label class=\"wpforms-field-label-inline\" for=\"wpforms-1114-field_16_1\">Casa Multifamiliar<\/label><\/li><li class=\"choice-2 depth-1\"><input type=\"checkbox\" id=\"wpforms-1114-field_16_2\" data-rule-check-limit=\"true\" name=\"wpforms[fields][16][]\" value=\"Single family home\" aria-errormessage=\"wpforms-1114-field_16_2-error\"  ><label class=\"wpforms-field-label-inline\" for=\"wpforms-1114-field_16_2\">Casa Unifamiliar<\/label><\/li><li class=\"choice-3 depth-1\"><input type=\"checkbox\" id=\"wpforms-1114-field_16_3\" data-rule-check-limit=\"true\" name=\"wpforms[fields][16][]\" value=\"Condo\" aria-errormessage=\"wpforms-1114-field_16_3-error\"  ><label class=\"wpforms-field-label-inline\" for=\"wpforms-1114-field_16_3\">Condominio<\/label><\/li><li class=\"choice-4 depth-1\"><input type=\"checkbox\" id=\"wpforms-1114-field_16_4\" data-rule-check-limit=\"true\" name=\"wpforms[fields][16][]\" value=\"Townhouse\" aria-errormessage=\"wpforms-1114-field_16_4-error\"  ><label class=\"wpforms-field-label-inline\" for=\"wpforms-1114-field_16_4\">Casa en Hilera<\/label><\/li><li class=\"choice-5 depth-1\"><input type=\"checkbox\" id=\"wpforms-1114-field_16_5\" data-rule-check-limit=\"true\" name=\"wpforms[fields][16][]\" value=\"Other\" aria-errormessage=\"wpforms-1114-field_16_5-error\"  ><label class=\"wpforms-field-label-inline\" for=\"wpforms-1114-field_16_5\">Otro<\/label><\/li><\/ul><\/fieldset><\/div><div id=\"wpforms-1114-field_9-container\" class=\"wpforms-field wpforms-field-number\" data-field-id=\"9\"><label class=\"wpforms-field-label\" for=\"wpforms-1114-field_9\">Ba\u00f1os <span class=\"wpforms-required-label\" aria-hidden=\"true\">*<\/span><\/label><input type=\"number\" id=\"wpforms-1114-field_9\" class=\"wpforms-field-medium wpforms-field-required\" name=\"wpforms[fields][9]\" step=\"any\" aria-errormessage=\"wpforms-1114-field_9-error\" required><\/div><div id=\"wpforms-1114-field_10-container\" class=\"wpforms-field wpforms-field-number\" data-field-id=\"10\"><label class=\"wpforms-field-label\" for=\"wpforms-1114-field_10\">Habitaciones <span class=\"wpforms-required-label\" aria-hidden=\"true\">*<\/span><\/label><input type=\"number\" id=\"wpforms-1114-field_10\" class=\"wpforms-field-medium wpforms-field-required\" name=\"wpforms[fields][10]\" step=\"any\" aria-errormessage=\"wpforms-1114-field_10-error\" required><\/div><div id=\"wpforms-1114-field_17-container\" class=\"wpforms-field wpforms-field-text\" data-field-id=\"17\"><label class=\"wpforms-field-label\" for=\"wpforms-1114-field_17\">Precio solicitado ($)<\/label><input type=\"text\" id=\"wpforms-1114-field_17\" class=\"wpforms-field-medium\" name=\"wpforms[fields][17]\" aria-errormessage=\"wpforms-1114-field_17-error\" ><\/div>\t\t<div id=\"wpforms-1114-field_2-container\"\n\t\t\tclass=\"wpforms-field wpforms-field-text\"\n\t\t\tdata-field-type=\"text\"\n\t\t\tdata-field-id=\"2\"\n\t\t\t>\n\t\t\t<label class=\"wpforms-field-label\" for=\"wpforms-1114-field_2\" >Bathrooms Asked Address<\/label>\n\t\t\t<input type=\"text\" id=\"wpforms-1114-field_2\" class=\"wpforms-field-medium\" name=\"wpforms[fields][2]\" >\n\t\t<\/div>\n\t\t<div id=\"wpforms-1114-field_12-container\" class=\"wpforms-field wpforms-field-name\" data-field-id=\"12\"><fieldset><legend class=\"wpforms-field-label\">Nombre <span class=\"wpforms-required-label\" aria-hidden=\"true\">*<\/span><\/legend><div class=\"wpforms-field-row wpforms-field-medium\"><div class=\"wpforms-field-row-block wpforms-first wpforms-one-half\"><input type=\"text\" id=\"wpforms-1114-field_12\" class=\"wpforms-field-name-first wpforms-field-required\" name=\"wpforms[fields][12][first]\" aria-errormessage=\"wpforms-1114-field_12-error\" required><label for=\"wpforms-1114-field_12\" class=\"wpforms-field-sublabel after\">Nombre<\/label><\/div><div class=\"wpforms-field-row-block wpforms-one-half\"><input type=\"text\" id=\"wpforms-1114-field_12-last\" class=\"wpforms-field-name-last wpforms-field-required\" name=\"wpforms[fields][12][last]\" aria-errormessage=\"wpforms-1114-field_12-last-error\" required><label for=\"wpforms-1114-field_12-last\" class=\"wpforms-field-sublabel after\">Apellidos<\/label><\/div><\/div><\/fieldset><\/div><div id=\"wpforms-1114-field_14-container\" class=\"wpforms-field wpforms-field-text\" data-field-id=\"14\"><label class=\"wpforms-field-label\" for=\"wpforms-1114-field_14\">N\u00famero telef\u00f3nico<\/label><input type=\"text\" id=\"wpforms-1114-field_14\" class=\"wpforms-field-medium\" name=\"wpforms[fields][14]\" aria-errormessage=\"wpforms-1114-field_14-error\" ><\/div><div id=\"wpforms-1114-field_15-container\" class=\"wpforms-field wpforms-field-email\" data-field-id=\"15\"><label class=\"wpforms-field-label\" for=\"wpforms-1114-field_15\">Correo electr\u00f3nico <span class=\"wpforms-required-label\" aria-hidden=\"true\">*<\/span><\/label><input type=\"email\" id=\"wpforms-1114-field_15\" class=\"wpforms-field-medium wpforms-field-required\" name=\"wpforms[fields][15]\" spellcheck=\"false\" aria-errormessage=\"wpforms-1114-field_15-error\" required><\/div><script>\n\t\t\t\t( function() {\n\t\t\t\t\tconst style = document.createElement( 'style' );\n\t\t\t\t\tstyle.appendChild( document.createTextNode( '#wpforms-1114-field_2-container { position: absolute !important; overflow: hidden !important; display: inline !important; height: 1px !important; width: 1px !important; z-index: -1000 !important; padding: 0 !important; } #wpforms-1114-field_2-container input { visibility: hidden; } #wpforms-conversational-form-page #wpforms-1114-field_2-container label { counter-increment: none; }' ) );\n\t\t\t\t\tdocument.head.appendChild( style );\n\t\t\t\t\tdocument.currentScript?.remove();\n\t\t\t\t} )();\n\t\t\t<\/script><\/div><!-- .wpforms-field-container --><div class=\"wpforms-submit-container\" ><input type=\"hidden\" name=\"wpforms[id]\" value=\"1114\"><input type=\"hidden\" name=\"page_title\" value=\"\"><input type=\"hidden\" name=\"page_url\" value=\"https:\/\/brixwellinvestors.com\/es\/wp-json\/wp\/v2\/pages\/573\"><input type=\"hidden\" name=\"url_referer\" value=\"\"><button type=\"submit\" name=\"wpforms[submit]\" id=\"wpforms-submit-1114\" class=\"wpforms-submit\" data-alt-text=\"Sending...\" data-submit-text=\"Submit\" aria-live=\"assertive\" value=\"wpforms-submit\">Enviar<\/button><img loading=\"lazy\" decoding=\"async\" src=\"https:\/\/brixwellinvestors.com\/wp-content\/plugins\/wpforms-lite\/assets\/images\/submit-spin.svg\" class=\"wpforms-submit-spinner\" style=\"display: none;\" width=\"26\" height=\"26\" alt=\"Cargando\"><\/div><input type=\"hidden\" name=\"trp-form-language\" value=\"es\"\/><\/form><\/div>  <!-- .wpforms-container -->\n              <\/div>\n                      <\/div>\n        <\/div>\n      <\/div>\n    <\/div>\n  <\/div>\n  <\/div>\n<\/div><\/div><\/div><\/div><\/div><div class=\"vc_row-full-width vc_clearfix\"><\/div><div id=\"about-us\" data-vc-full-width=\"true\" data-vc-full-width-init=\"false\" data-vc-stretch-content=\"true\" class=\"vc_row wpb_row vc_row-fluid vc_custom_1648753161087 vc_row-has-fill vc_row-no-padding\"><div class=\"wpb_column vc_column_container vc_col-sm-12\"><div class=\"vc_column-inner vc_custom_1467988153317\"><div class=\"wpb_wrapper\"><div class=\"widget      widget--landing widget--feature    js-widget   vc_custom_1727973182326\"\n     id=\"cf47_module_features_0\"         style=\"background-image: url(https:\/\/brixwellinvestors.com\/wp-content\/uploads\/2016\/04\/bg-feature.jpg); \">\n    <div class=\"widget__content\">\n      <div class=\"feature\">\n      <div class=\"widget__header\">\n                            <h2 class=\"widget__title\">NUESTRA MISI\u00d3N<\/h2>\n                            <h5 class=\"widget__headline\">En Brixwell Investors LLC, nuestra misi\u00f3n es brindar una soluci\u00f3n sencilla y eficiente para la venta de viviendas antiguas. Nos comprometemos a garantizar que los vendedores reciban el mayor valor por su propiedad y, al mismo tiempo, brindarles una experiencia excepcional durante todo el proceso.<\/h5>\n            <\/div>\n\n\n    <!-- end of block .feature__header-->\n    <div class=\"feature__list\">\n              <div class=\"feature__item\">\n              <svg class=\"feature__icon\">\n      <use xmlns:xlink=\"http:\/\/www.w3.org\/1999\/xlink\" xlink:href=\"#icon-money-save\"><\/use>\n    <\/svg>\n  \n    <div class=\"feature__item-content\">\n    <h3 class=\"feature__item-title\">PROCESO SIMPLE<\/h3>\n    <div class=\"feature__text\">\n      Agilizamos el proceso de venta de viviendas para que sea lo m\u00e1s sencillo posible. Con nuestro enfoque directo, garantizamos una experiencia r\u00e1pida y eficiente, cerrando acuerdos en tan solo 14 d\u00edas.\n    <\/div>\n  <\/div>\n<\/div><div class=\"feature__item\">\n              <svg class=\"feature__icon\">\n      <use xmlns:xlink=\"http:\/\/www.w3.org\/1999\/xlink\" xlink:href=\"#icon-good-sales\"><\/use>\n    <\/svg>\n  \n    <div class=\"feature__item-content\">\n    <h3 class=\"feature__item-title\">MEJORES OFERTAS<\/h3>\n    <div class=\"feature__text\">\n      Ofrecemos ofertas excepcionales para garantizar que los vendedores obtengan el mejor resultado. En Brixwell Investors LLC, priorizamos a nuestros clientes y garantizamos que reciban la oferta m\u00e1s competitiva.\n    <\/div>\n  <\/div>\n<\/div><div class=\"feature__item\">\n              <svg class=\"feature__icon\">\n      <use xmlns:xlink=\"http:\/\/www.w3.org\/1999\/xlink\" xlink:href=\"#icon-comfort\"><\/use>\n    <\/svg>\n  \n    <div class=\"feature__item-content\">\n    <h3 class=\"feature__item-title\">OFERTAS PERSONALES<\/h3>\n    <div class=\"feature__text\">\n      Cuando nos vende su casa, tratamos con usted a nivel personal para que podamos escucharlo y entender lo que quiere decir.\n    <\/div>\n  <\/div>\n<\/div><div class=\"feature__item\">\n              <svg class=\"feature__icon\">\n      <use xmlns:xlink=\"http:\/\/www.w3.org\/1999\/xlink\" xlink:href=\"#icon-easy\"><\/use>\n    <\/svg>\n  \n    <div class=\"feature__item-content\">\n    <h3 class=\"feature__item-title\">OFERTAS SIN PROBLEMAS<\/h3>\n    <div class=\"feature__text\">\n      Compramos casas tal como est\u00e1n, lo que significa que no tiene que preocuparse por hacer renovaciones o incluso limpiar su casa. Nos haremos cargo de todo.\n    <\/div>\n  <\/div>\n<\/div>\n          <\/div>\n    <!-- end of block .feature__list-->\n    <!-- end of .feature__content-->\n  <\/div>\n  <\/div>\n<\/div><\/div><\/div><\/div><\/div><div class=\"vc_row-full-width vc_clearfix\"><\/div><div id=\"blog\" data-vc-full-width=\"true\" data-vc-full-width-init=\"false\" data-vc-stretch-content=\"true\" class=\"vc_row wpb_row vc_row-fluid vc_row-no-padding\"><div class=\"wpb_column vc_column_container vc_col-sm-12\"><div class=\"vc_column-inner\"><div class=\"wpb_wrapper\"><div class=\"widget      widget--landing widget--article-section    js-widget\"\n     id=\"cf47_module_article_grid_0\"        >\n      <div class=\"widget__header\">\n                            <h2 class=\"widget__title\">BLOG<\/h2>\n                          <\/div>\n\n\n  <div class=\"widget__content\">\n      <div class=\"listing listing--grid article article--grid\">\n          <div class=\"listing__item\">\n        <div class=\"article__item\">\n          <a href=\"https:\/\/brixwellinvestors.com\/es\/2024\/07\/15\/sell-your-house-for-cash-to-a-real-estate-investors\/\" class=\"article__photo\">\n              <img decoding=\"async\"  class=\"article__photo-img\"              src=\"https:\/\/brixwellinvestors.com\/wp-content\/uploads\/2016\/04\/Selling-your-house-real-estate-1170x601--830x540-c-center.jpg\"\n            alt=\"\"\n  \/>\n\n            <time datetime=\"2024-07-15\" class=\"article__time\">\n              Jul<strong>15<\/strong>\n            <\/time>\n          <\/a>\n          <div class=\"article__details\">\n            <a href=\"https:\/\/brixwellinvestors.com\/es\/2024\/07\/15\/sell-your-house-for-cash-to-a-real-estate-investors\/\" class=\"article__item-title\">Vende tu casa por dinero en efectivo a un inversionista inmobiliario<\/a>\n            <div class=\"article__intro\"> Cuando est\u00e9 pensando en vender su antigua casa, deber\u00eda buscar la ayuda de un inversor inmobiliario en lugar de andar deambulando. Hay\u2026<\/div>\n            <a href=\"https:\/\/brixwellinvestors.com\/es\/2024\/07\/15\/sell-your-house-for-cash-to-a-real-estate-investors\/\" class=\"article__more\">Leer m\u00e1s<\/a>\n          <\/div>\n        <\/div>\n        <!-- end of block .article__item-->\n      <\/div>\n          <div class=\"listing__item\">\n        <div class=\"article__item\">\n          <a href=\"https:\/\/brixwellinvestors.com\/es\/2024\/06\/16\/how-you-should-prepare-a-house-before-selling-it\/\" class=\"article__photo\">\n              <img decoding=\"async\"  class=\"article__photo-img\"              src=\"https:\/\/brixwellinvestors.com\/wp-content\/uploads\/2016\/04\/woman-with-short-black-hair-in-rubber-gloves-washes-window-in-her-apartment-with-rag-while-holding-window-cleaner-concept-of-cleaning-services-window-washing-housework-117-830x540-c-center.jpg\"\n            alt=\"\"\n  \/>\n\n            <time datetime=\"2024-06-16\" class=\"article__time\">\n              Jun<strong>16<\/strong>\n            <\/time>\n          <\/a>\n          <div class=\"article__details\">\n            <a href=\"https:\/\/brixwellinvestors.com\/es\/2024\/06\/16\/how-you-should-prepare-a-house-before-selling-it\/\" class=\"article__item-title\">C\u00f3mo debes preparar una casa antes de venderla<\/a>\n            <div class=\"article__intro\"> Preparar y preparar una casa antes de venderla o cualquier otro activo aumenta significativamente el valor y el precio potencial. Algunas personas subestiman el\u2026<\/div>\n            <a href=\"https:\/\/brixwellinvestors.com\/es\/2024\/06\/16\/how-you-should-prepare-a-house-before-selling-it\/\" class=\"article__more\">Leer m\u00e1s<\/a>\n          <\/div>\n        <\/div>\n        <!-- end of block .article__item-->\n      <\/div>\n          <div class=\"listing__item\">\n        <div class=\"article__item\">\n          <a href=\"https:\/\/brixwellinvestors.com\/es\/2024\/05\/15\/keep-these-tips-in-mind-when-considering-a-move\/\" class=\"article__photo\">\n              <img decoding=\"async\"  class=\"article__photo-img\"              src=\"https:\/\/brixwellinvestors.com\/wp-content\/uploads\/2016\/04\/top-view-of-messy-and-full-of-moving-boxes-room-1170x0-c-center-830x540-c-center.jpg\"\n            alt=\"\"\n  \/>\n\n            <time datetime=\"2024-05-15\" class=\"article__time\">\n              May<strong>15<\/strong>\n            <\/time>\n          <\/a>\n          <div class=\"article__details\">\n            <a href=\"https:\/\/brixwellinvestors.com\/es\/2024\/05\/15\/keep-these-tips-in-mind-when-considering-a-move\/\" class=\"article__item-title\">Tenga en cuenta estos consejos cuando considere mudarse<\/a>\n            <div class=\"article__intro\"> &nbsp; Mudarse a una nueva casa es un desaf\u00edo porque tiene un costo f\u00edsico, mental y emocional para todos los involucrados. Mudarse nunca es f\u00e1cil porque\u2026<\/div>\n            <a href=\"https:\/\/brixwellinvestors.com\/es\/2024\/05\/15\/keep-these-tips-in-mind-when-considering-a-move\/\" class=\"article__more\">Leer m\u00e1s<\/a>\n          <\/div>\n        <\/div>\n        <!-- end of block .article__item-->\n      <\/div>\n      <\/div>\n  <!-- end of block .article__list-->\n  <div class=\"widget__footer\">\n    <a href=\"https:\/\/brixwellinvestors.com\/es\/blog\/\" class=\"widget__more\">\n      Ver m\u00e1s\n    <\/a>\n  <\/div>\n  <\/div>\n<\/div><\/div><\/div><\/div><\/div><div class=\"vc_row-full-width vc_clearfix\"><\/div><div id=\"facts\" data-vc-full-width=\"true\" data-vc-full-width-init=\"false\" data-vc-stretch-content=\"true\" class=\"vc_row wpb_row vc_row-fluid vc_custom_1648827265515 vc_row-has-fill vc_row-no-padding\"><div class=\"wpb_column vc_column_container vc_col-sm-12\"><div class=\"vc_column-inner vc_custom_1466700899805\"><div class=\"wpb_wrapper\"><div class=\"widget      widget--landing widget--achievement    js-widget\"\n     id=\"cf47_module_achievement_0\"        >\n    <div class=\"widget__content\">\n      <!-- BEGIN SECTION ACHIEVEMENT-->\n  <div class=\"achievement\">\n          <div class=\"achievement__item\">\n              <svg class=\"achievement__icon\">\n      <use xmlns:xlink=\"http:\/\/www.w3.org\/1999\/xlink\" xlink:href=\"#icon-login\"><\/use>\n    <\/svg>\n  \n    <div data-count-end=\"100\"\n       data-count-separator=\" \"\n       data-count-deciaml=\".\"\n       data-count-duration=\"1\"\n       data-count-prefix=\"\"\n       data-count-suffix=\"\"\n\n       class=\"achievement__counter achievement__counter--lg js-count-up\">\n    100\n  <\/div>\n  <div class=\"achievement__counter\">100<\/div>\n  <div class=\"achievement__name\">% DE SATISFACCI\u00d3N DEL CLIENTE<\/div>\n<\/div><div class=\"achievement__item\">\n              <svg class=\"achievement__icon\">\n      <use xmlns:xlink=\"http:\/\/www.w3.org\/1999\/xlink\" xlink:href=\"#icon-customers\"><\/use>\n    <\/svg>\n  \n    <div data-count-end=\"14\"\n       data-count-separator=\" \"\n       data-count-deciaml=\".\"\n       data-count-duration=\"1\"\n       data-count-prefix=\"\"\n       data-count-suffix=\"\"\n\n       class=\"achievement__counter achievement__counter--lg js-count-up\">\n    14\n  <\/div>\n  <div class=\"achievement__counter\">14<\/div>\n  <div class=\"achievement__name\">D\u00cdAS PARA CERRAR TRATO<\/div>\n<\/div><div class=\"achievement__item\">\n              <svg class=\"achievement__icon\">\n      <use xmlns:xlink=\"http:\/\/www.w3.org\/1999\/xlink\" xlink:href=\"#icon-agency\"><\/use>\n    <\/svg>\n  \n    <div data-count-end=\"24\"\n       data-count-separator=\" \"\n       data-count-deciaml=\".\"\n       data-count-duration=\"1\"\n       data-count-prefix=\"\"\n       data-count-suffix=\"\"\n\n       class=\"achievement__counter achievement__counter--lg js-count-up\">\n    24\n  <\/div>\n  <div class=\"achievement__counter\">24<\/div>\n  <div class=\"achievement__name\">HORAS PARA OBTENER UNA OFERTA EN EFECTIVO<\/div>\n<\/div>\n      <\/div>\n  <!-- END SECTION ACHIEVEMENT-->\n  <\/div>\n<\/div><\/div><\/div><\/div><\/div><div class=\"vc_row-full-width vc_clearfix\"><\/div><div data-vc-full-width=\"true\" data-vc-full-width-init=\"false\" data-vc-stretch-content=\"true\" class=\"vc_row wpb_row vc_row-fluid gosubmit__bg vc_custom_1467033765179 vc_row-has-fill vc_row-no-padding vc_row-o-content-top vc_row-flex\"><div class=\"wpb_column vc_column_container vc_col-sm-12 vc_col-has-fill\"><div class=\"vc_column-inner vc_custom_1466701428997\"><div class=\"wpb_wrapper\"><div class=\"widget    js-widget   vc_custom_1678813348383\"\n     id=\"cf47_module_go_submit_0\"        >\n    <div class=\"widget__content\">\n      <!-- BEGIN BLOCK GO SUBMIT-->\n  <div class=\"gosubmit\">\n    <div class=\"container\">\n               <div class=\"gosubmit__title\">\n    <div class=\"gosubmit__title__row gosubmit__title__row--first\">\n        \u00bfBuscas\n    <\/div>\n    <div class=\"gosubmit__title__row gosubmit__title__row--second\">\n        <span class=\"gosubmit__title__option\">\n            Vender\n        <\/span>\n    <\/div>\n    <div class=\"gosubmit__title__row gosubmit__title__row--third\">\n        Tu Propiedad?\n    <\/div>\n<\/div>\n<a href=\"#top\" class=\"gosubmit__btn\">Aplica ya!<\/a>\n          <\/div>\n  <\/div>\n  <!-- END BLOCK GO SUBMIT-->\n  <\/div>\n<\/div><\/div><\/div><\/div><\/div><div class=\"vc_row-full-width vc_clearfix\"><\/div>","protected":false},"excerpt":{"rendered":"Property Map We buy houses, We pay cash, We close fast. Ready to sell your home for cash? Get a fast, fair offer and close on your terms. Contact us today! Get started \u2022 Scroll down to explore We buy houses, We pay cash, We close fast. Por favor, activa JavaScript en tu navegador para [...]","protected":false},"author":1,"featured_media":0,"parent":0,"menu_order":0,"comment_status":"closed","ping_status":"closed","template":"page-templates\/template-vc.php","meta":{"footnotes":""},"class_list":["post-573","page","type-page","status-publish","hentry"],"_links":{"self":[{"href":"https:\/\/brixwellinvestors.com\/es\/wp-json\/wp\/v2\/pages\/573","targetHints":{"allow":["GET"]}}],"collection":[{"href":"https:\/\/brixwellinvestors.com\/es\/wp-json\/wp\/v2\/pages"}],"about":[{"href":"https:\/\/brixwellinvestors.com\/es\/wp-json\/wp\/v2\/types\/page"}],"author":[{"embeddable":true,"href":"https:\/\/brixwellinvestors.com\/es\/wp-json\/wp\/v2\/users\/1"}],"replies":[{"embeddable":true,"href":"https:\/\/brixwellinvestors.com\/es\/wp-json\/wp\/v2\/comments?post=573"}],"version-history":[{"count":33,"href":"https:\/\/brixwellinvestors.com\/es\/wp-json\/wp\/v2\/pages\/573\/revisions"}],"predecessor-version":[{"id":1264,"href":"https:\/\/brixwellinvestors.com\/es\/wp-json\/wp\/v2\/pages\/573\/revisions\/1264"}],"wp:attachment":[{"href":"https:\/\/brixwellinvestors.com\/es\/wp-json\/wp\/v2\/media?parent=573"}],"curies":[{"name":"wp","href":"https:\/\/api.w.org\/{rel}","templated":true}]}}